{"id":954,"date":"2020-10-07T01:33:55","date_gmt":"2020-10-07T04:33:55","guid":{"rendered":"https:\/\/iescapdevila-cba.infd.edu.ar\/sitio\/?page_id=954"},"modified":"2026-04-09T17:48:21","modified_gmt":"2026-04-09T20:48:21","slug":"equivalencias","status":"publish","type":"page","link":"https:\/\/iescapdevila-cba.infd.edu.ar\/sitio\/equivalencias\/","title":{"rendered":"Planilla de solicitud de Equivalencias 2026"},"content":{"rendered":"\n<div class=\"wp-block-file\"><a id=\"wp-block-file--media-fadba587-98ab-4133-be94-8f09d097f491\" href=\"https:\/\/iescapdevila-cba.infd.edu.ar\/sitio\/wp-content\/uploads\/2026\/04\/DGES-EQUIVALENCIAS-Y-RECONOCIMIENTO-DE-SABERES.docx\">DGES-EQUIVALENCIAS-Y-RECONOCIMIENTO-DE-SABERES<\/a><a href=\"https:\/\/iescapdevila-cba.infd.edu.ar\/sitio\/wp-content\/uploads\/2026\/04\/DGES-EQUIVALENCIAS-Y-RECONOCIMIENTO-DE-SABERES.docx\" class=\"wp-block-file__button wp-element-button\" download aria-describedby=\"wp-block-file--media-fadba587-98ab-4133-be94-8f09d097f491\">Descarga<\/a><\/div>\n\n\n<p><strong>&nbsp;Solicitud de Equivalencias.<\/strong><\/p>\n<p>El IES \u00abArturo Capdevila\u00bb informa a los estudiantes que&nbsp; ya est\u00e1 disponible la solicitud de equivalencias .&nbsp;Los interesados deben completar la planilla&nbsp; y enviarla al siguiente correo : iescapdevila @dges-cba.edu.ar.<\/p>\n<p>Colocar en el Asunto: Solicitud de equivalencia\/Carrera\/a\u00f1o.<\/p>\n<p>La solicitud debe ir acompa\u00f1ada con&nbsp; documentaci\u00f3n fehaciente que acredite la aprobaci\u00f3n de los espacios solicitados (Programas autenticados y debidamente legalizados por la instituci\u00f3n donde curs\u00f3 y aprob\u00f3 los espacios que solicita como equivalentes&nbsp; )<\/p>\n<p>La respuesta ser\u00e1 enviada a ustedes a trav\u00e9s del correo electr\u00f3nico.<\/p>\n<p>Mientras dure el tr\u00e1mite de la equivalencia el estudiante debe cursar los espacios curriculares.<\/p>\n<p>Descargar solicitud:<\/p>\n<p>Solicitud-de-Equivalencia-2026<\/p>\n<p><\/p>\n\n\n<div class=\"wp-block-file\"><a id=\"wp-block-file--media-a96a1c38-2933-4e9a-93e3-05e8a8f3c46b\" href=\"https:\/\/iescapdevila-cba.infd.edu.ar\/sitio\/wp-content\/uploads\/2026\/04\/UPC-SOLICITUD-DE-EQUIVALENCIAS.docx\">UPC-SOLICITUD-DE-EQUIVALENCIAS<\/a><a href=\"https:\/\/iescapdevila-cba.infd.edu.ar\/sitio\/wp-content\/uploads\/2026\/04\/UPC-SOLICITUD-DE-EQUIVALENCIAS.docx\" class=\"wp-block-file__button wp-element-button\" download aria-describedby=\"wp-block-file--media-a96a1c38-2933-4e9a-93e3-05e8a8f3c46b\">Descarga<\/a><\/div>\n\n\n","protected":false},"excerpt":{"rendered":"<p>&nbsp;Solicitud de Equivalencias. El IES \u00abArturo Capdevila\u00bb informa a los estudiantes que&nbsp; ya est\u00e1 disponible la solicitud de equivalencias .&nbsp;Los interesados deben completar la planilla&nbsp; y enviarla al siguiente correo : iescapdevila @dges-cba.edu.ar. Colocar en el Asunto: Solicitud de equivalencia\/Carrera\/a\u00f1o. La solicitud debe ir acompa\u00f1ada con&nbsp; documentaci\u00f3n fehaciente que acredite la aprobaci\u00f3n de los espacios &#8230; <a title=\"Planilla de solicitud de Equivalencias 2026\" class=\"read-more\" href=\"https:\/\/iescapdevila-cba.infd.edu.ar\/sitio\/equivalencias\/\" aria-label=\"More on Planilla de solicitud de Equivalencias 2026\">[+]<\/a><\/p>\n","protected":false},"author":380,"featured_media":0,"parent":0,"menu_order":0,"comment_status":"closed","ping_status":"closed","template":"","meta":[],"acf":[],"_links":{"self":[{"href":"https:\/\/iescapdevila-cba.infd.edu.ar\/sitio\/wp-json\/wp\/v2\/pages\/954"}],"collection":[{"href":"https:\/\/iescapdevila-cba.infd.edu.ar\/sitio\/wp-json\/wp\/v2\/pages"}],"about":[{"href":"https:\/\/iescapdevila-cba.infd.edu.ar\/sitio\/wp-json\/wp\/v2\/types\/page"}],"author":[{"embeddable":true,"href":"https:\/\/iescapdevila-cba.infd.edu.ar\/sitio\/wp-json\/wp\/v2\/users\/380"}],"replies":[{"embeddable":true,"href":"https:\/\/iescapdevila-cba.infd.edu.ar\/sitio\/wp-json\/wp\/v2\/comments?post=954"}],"version-history":[{"count":24,"href":"https:\/\/iescapdevila-cba.infd.edu.ar\/sitio\/wp-json\/wp\/v2\/pages\/954\/revisions"}],"predecessor-version":[{"id":1592,"href":"https:\/\/iescapdevila-cba.infd.edu.ar\/sitio\/wp-json\/wp\/v2\/pages\/954\/revisions\/1592"}],"wp:attachment":[{"href":"https:\/\/iescapdevila-cba.infd.edu.ar\/sitio\/wp-json\/wp\/v2\/media?parent=954"}],"curies":[{"name":"wp","href":"https:\/\/api.w.org\/{rel}","templated":true}]}}