{"id":759,"date":"2018-08-30T11:52:01","date_gmt":"2018-08-30T14:52:01","guid":{"rendered":"https:\/\/iescapdevila-cba.infd.edu.ar\/sitio\/profesorado-en-historia\/"},"modified":"2024-10-28T18:45:27","modified_gmt":"2024-10-28T21:45:27","slug":"profesorado-en-historia","status":"publish","type":"page","link":"https:\/\/iescapdevila-cba.infd.edu.ar\/sitio\/profesorado-en-historia\/","title":{"rendered":"Profesorado de Educaci\u00f3n Secundaria en Historia"},"content":{"rendered":"<p align=\"center\"><strong><u>T\u00edtulo\u00a0<\/u><\/strong><\/p>\n<div style=\"text-align: center;\"><img decoding=\"async\" loading=\"lazy\" src=\"https:\/\/iescapdevila-cba.infd.edu.ar\/sitio\/wp-content\/uploads\/2018\/08\/Partenon.gif\" alt=\"Partenon\" width=\"159\" height=\"197\" border=\"0\" \/><\/div>\n<p><strong><span style=\"color: #003399;\">Profesor\u00a0 de Educaci\u00f3n Secundaria en Historia ( 4 a\u00f1os\u00a0 de Duraci\u00f3n)<\/span><\/strong><\/p>\n<p><strong>Perfil del Egresado<\/strong><\/p>\n<p>El egresado de la carrera de <strong>Historia <\/strong>habr\u00e1 adquirido las siguientes competencias profesionales:<\/p>\n<ul>\n<li>\n<div>Comprensi\u00f3n del proceso de construcci\u00f3n del conocimiento cient\u00edfico hist\u00f3rico, reconociendo su especificidad, complejidad y provisoriedad.<\/div>\n<\/li>\n<li>\n<div>Explicaci\u00f3n desde una perspectiva cr\u00edtica e integradora de los procesos hist\u00f3ricos en funci\u00f3n de las particularidades y generalidades de las sociedades de las que forma parte.<\/div>\n<\/li>\n<li>\n<div>Planificaci\u00f3n, desarrollo y evaluaci\u00f3n de procesos de ense\u00f1anza-aprendizaje en el \u00e1rea de ciencias sociales para EGB3 y Polimodal<\/div>\n<\/li>\n<li>\n<div>Relaci\u00f3n y an\u00e1lisis cr\u00edtico de la problem\u00e1tica del hombre contempor\u00e1neo, como aspectos del proceso hist\u00f3rico en una actitud de reflexi\u00f3n permanente.<\/div>\n<\/li>\n<\/ul>\n","protected":false},"excerpt":{"rendered":"<p>T\u00edtulo\u00a0 Profesor\u00a0 de Educaci\u00f3n Secundaria en Historia ( 4 a\u00f1os\u00a0 de Duraci\u00f3n) Perfil del Egresado El egresado de la carrera de Historia habr\u00e1 adquirido las siguientes competencias profesionales: Comprensi\u00f3n del proceso de construcci\u00f3n del conocimiento cient\u00edfico hist\u00f3rico, reconociendo su especificidad, complejidad y provisoriedad. Explicaci\u00f3n desde una perspectiva cr\u00edtica e integradora de los procesos hist\u00f3ricos en &#8230; <a title=\"Profesorado de Educaci\u00f3n Secundaria en Historia\" class=\"read-more\" href=\"https:\/\/iescapdevila-cba.infd.edu.ar\/sitio\/profesorado-en-historia\/\" aria-label=\"More on Profesorado de Educaci\u00f3n Secundaria en Historia\">[+]<\/a><\/p>\n","protected":false},"author":1714,"featured_media":0,"parent":0,"menu_order":0,"comment_status":"closed","ping_status":"closed","template":"","meta":[],"acf":[],"_links":{"self":[{"href":"https:\/\/iescapdevila-cba.infd.edu.ar\/sitio\/wp-json\/wp\/v2\/pages\/759"}],"collection":[{"href":"https:\/\/iescapdevila-cba.infd.edu.ar\/sitio\/wp-json\/wp\/v2\/pages"}],"about":[{"href":"https:\/\/iescapdevila-cba.infd.edu.ar\/sitio\/wp-json\/wp\/v2\/types\/page"}],"author":[{"embeddable":true,"href":"https:\/\/iescapdevila-cba.infd.edu.ar\/sitio\/wp-json\/wp\/v2\/users\/1714"}],"replies":[{"embeddable":true,"href":"https:\/\/iescapdevila-cba.infd.edu.ar\/sitio\/wp-json\/wp\/v2\/comments?post=759"}],"version-history":[{"count":2,"href":"https:\/\/iescapdevila-cba.infd.edu.ar\/sitio\/wp-json\/wp\/v2\/pages\/759\/revisions"}],"predecessor-version":[{"id":1497,"href":"https:\/\/iescapdevila-cba.infd.edu.ar\/sitio\/wp-json\/wp\/v2\/pages\/759\/revisions\/1497"}],"wp:attachment":[{"href":"https:\/\/iescapdevila-cba.infd.edu.ar\/sitio\/wp-json\/wp\/v2\/media?parent=759"}],"curies":[{"name":"wp","href":"https:\/\/api.w.org\/{rel}","templated":true}]}}