{"id":757,"date":"2018-08-30T11:52:00","date_gmt":"2018-08-30T14:52:00","guid":{"rendered":"https:\/\/iescapdevila-cba.infd.edu.ar\/sitio\/profesorado-en-matematica\/"},"modified":"2023-11-14T19:09:30","modified_gmt":"2023-11-14T22:09:30","slug":"profesorado-en-matematica","status":"publish","type":"page","link":"https:\/\/iescapdevila-cba.infd.edu.ar\/sitio\/profesorado-en-matematica\/","title":{"rendered":"Profesorado de Educaci\u00f3n Secundaria en Matem\u00e1tica"},"content":{"rendered":"<p style=\"text-align: center;\"><span style=\"font-family: verdana, geneva; font-size: 12pt;\"><strong><span style=\"font-family: verdana, geneva; font-size: 12pt;\"><img decoding=\"async\" loading=\"lazy\" style=\"border: 0;\" src=\"http:\/\/ygslysmatematik.com\/wp-content\/uploads\/2015\/09\/geomtri.jpg\" width=\"600\" height=\"203\" border=\"0\" \/><\/span><\/strong><\/span><\/p>\n<p style=\"text-align: center;\">\u00a0<\/p>\n<p style=\"text-align: center;\"><span style=\"color: #008000; font-size: 14pt;\"><strong><span style=\"font-family: verdana, geneva;\" data-mce-mark=\"1\"><span style=\"font-family: verdana, geneva;\" data-mce-mark=\"1\"><span style=\"font-family: verdana, geneva;\" data-mce-mark=\"1\">Profesor\/a \u00a0de Educaci\u00f3n Secundaria en MATEM\u00c1TICA<\/span><span style=\"font-family: verdana, geneva;\" data-mce-mark=\"1\">\u00a0<\/span><\/span><\/span><\/strong><\/span><\/p>\n<p><strong><span style=\"color: #003399;\"><span style=\"font-size: 12pt;\"><span style=\"font-family: verdana,geneva;\">\u00a0<\/span><\/span><\/span><\/strong><\/p>\n<p style=\"text-align: justify;\"><span style=\"font-family: verdana,geneva;\"><span style=\"font-size: 12pt;\"><strong>Perfil del Egresado<\/strong><br \/>\u00a0\u00a0\u00a0\u00a0\u00a0\u00a0\u00a0\u00a0\u00a0\u00a0\u00a0\u00a0\u00a0\u00a0\u00a0\u00a0\u00a0\u00a0\u00a0\u00a0\u00a0\u00a0\u00a0\u00a0\u00a0\u00a0\u00a0\u00a0\u00a0\u00a0\u00a0\u00a0\u00a0\u00a0\u00a0\u00a0\u00a0\u00a0\u00a0\u00a0\u00a0\u00a0\u00a0\u00a0\u00a0\u00a0\u00a0\u00a0\u00a0\u00a0\u00a0\u00a0\u00a0\u00a0\u00a0\u00a0\u00a0\u00a0\u00a0\u00a0\u00a0\u00a0\u00a0\u00a0\u00a0\u00a0 <br \/>El egresado de la carrera de <strong>Matem\u00e1tica<\/strong> habr\u00e1 adquirido las siguientes competencias profesionales:<br \/><\/span><\/span><\/p>\n<ul>\n<li style=\"text-align: justify;\">\n<div><span style=\"font-family: verdana,geneva; font-size: 12pt;\">Interpretar problemas matem\u00e1ticos a partir de planteos te\u00f3ricos metodol\u00f3gicos apropiados y bibliograf\u00eda actualizada.<br \/><\/span><\/div>\n<\/li>\n<li style=\"text-align: justify;\">\n<div><span style=\"font-family: verdana,geneva; font-size: 12pt;\">Desarrollar la comunicaci\u00f3n matem\u00e1tica \u00a0oral y escrita utilizando distintos soportes<br \/><\/span><\/div>\n<\/li>\n<li style=\"text-align: justify;\">\n<div><span style=\"font-family: verdana,geneva; font-size: 12pt;\">Promover la constante construcci\u00f3n del objeto matem\u00e1tico para el mejoramiento de la calidad de vida de la sociedad.<br \/><\/span><\/div>\n<\/li>\n<li>\n<div style=\"text-align: justify;\"><span style=\"font-family: verdana,geneva; font-size: 12pt;\">Planificar, conducir y evaluar estrategias de ense\u00f1anza de contenido matem\u00e1tico en relaci\u00f3n con las caracter\u00edsticas personales, sociales y culturales de sus alumnos.<br \/><\/span><\/div>\n<\/li>\n<li style=\"text-align: justify;\"><span style=\"font-family: verdana,geneva; font-size: 12pt;\">Comprensi\u00f3n del sujeto a quien va dirigida la ense\u00f1anza, en sus dimensiones subjetivas, psicol\u00f3gicas, cognitivas, afectivas y socioculturales.<\/span><\/li>\n<\/ul>\n<p style=\"text-align: justify;\">\u00a0<\/p>\n<p>\u00a0<\/p>\n\n\n<figure class=\"wp-block-table\"><table><tbody><tr><td class=\"has-text-align-center\" data-align=\"center\"><strong>Espacios Curriculares<\/strong><\/td><\/tr><tr><td class=\"has-text-align-center\" data-align=\"center\"><strong><mark style=\"background-color:rgba(0, 0, 0, 0)\" class=\"has-inline-color has-accent-color\">Primer A\u00f1o<\/mark><\/strong><\/td><\/tr><tr><td class=\"has-text-align-center\" data-align=\"center\">Pedagog\u00eda<\/td><\/tr><tr><td class=\"has-text-align-center\" data-align=\"center\">Problem\u00e1ticas Socioantropol\u00f3gicas en Educaci\u00f3n<\/td><\/tr><tr><td class=\"has-text-align-center\" data-align=\"center\">Lenguaje Digital y Audiovisual<\/td><\/tr><tr><td class=\"has-text-align-center\" data-align=\"center\">Pr\u00e1ctica Docente I: Contextos y Pr\u00e1cticas Educativas<\/td><\/tr><tr><td class=\"has-text-align-center\" data-align=\"center\">Elementos de la Aritm\u00e9tica y el \u00c1lgebra<\/td><\/tr><tr><td class=\"has-text-align-center\" data-align=\"center\">Problem\u00e1ticas de la Geometr\u00eda I<\/td><\/tr><tr><td class=\"has-text-align-center\" data-align=\"center\">Modelizaci\u00f3n Matem\u00e1tica<\/td><\/tr><tr><td class=\"has-text-align-center\" data-align=\"center\"><strong><mark style=\"background-color:rgba(0, 0, 0, 0)\" class=\"has-inline-color has-accent-color\">Segundo A\u00f1o<\/mark><\/strong><\/td><\/tr><tr><td class=\"has-text-align-center\" data-align=\"center\">Psicolog\u00eda y Educaci\u00f3n<\/td><\/tr><tr><td class=\"has-text-align-center\" data-align=\"center\">Did\u00e1ctica General<\/td><\/tr><tr><td class=\"has-text-align-center\" data-align=\"center\">Pr\u00e1ctica Docente II: Escuelas, Historias Documentadas y Cotidianeidad<\/td><\/tr><tr><td class=\"has-text-align-center\" data-align=\"center\">Problem\u00e1ticas del \u00c1lgebra I<\/td><\/tr><tr><td class=\"has-text-align-center\" data-align=\"center\">Problem\u00e1ticas de la Geometr\u00eda II<\/td><\/tr><tr><td class=\"has-text-align-center\" data-align=\"center\">Problem\u00e1ticas del An\u00e1lisis Matem\u00e1tico I<\/td><\/tr><tr><td class=\"has-text-align-center\" data-align=\"center\">Did\u00e1ctica de la Matem\u00e1tica I<\/td><\/tr><tr><td class=\"has-text-align-center\" data-align=\"center\">Sujetos de la Educaci\u00f3n y ESI<\/td><\/tr><tr><td class=\"has-text-align-center\" data-align=\"center\"><mark style=\"background-color:rgba(0, 0, 0, 0)\" class=\"has-inline-color has-accent-color\"><strong>Tercer A\u00f1o<\/strong><\/mark><\/td><\/tr><tr><td class=\"has-text-align-center\" data-align=\"center\">Historia y Pol\u00edtica de la Educaci\u00f3n Argentina<\/td><\/tr><tr><td class=\"has-text-align-center\" data-align=\"center\">Pr\u00e1ctica Docente III: El Aula: Espacio del Aprender y del Ense\u00f1ar<\/td><\/tr><tr><td class=\"has-text-align-center\" data-align=\"center\">Problem\u00e1ticas del \u00c1lgebra II<\/td><\/tr><tr><td class=\"has-text-align-center\" data-align=\"center\">Problem\u00e1ticas de Probabilidad y Estad\u00edstica<\/td><\/tr><tr><td class=\"has-text-align-center\" data-align=\"center\">Problem\u00e1ticas del An\u00e1lisis Matem\u00e1tico II<\/td><\/tr><tr><td class=\"has-text-align-center\" data-align=\"center\">Did\u00e1ctica de la Matem\u00e1tica II<\/td><\/tr><tr><td class=\"has-text-align-center\" data-align=\"center\">Filosof\u00eda de las Ciencias<\/td><\/tr><tr><td class=\"has-text-align-center\" data-align=\"center\"><strong><mark style=\"background-color:rgba(0, 0, 0, 0)\" class=\"has-inline-color has-accent-color\">Cuarto A\u00f1o<\/mark><\/strong><\/td><\/tr><tr><td class=\"has-text-align-center\" data-align=\"center\">\u00c9tica y Construcci\u00f3n de Ciudadan\u00eda<\/td><\/tr><tr><td class=\"has-text-align-center\" data-align=\"center\">Pr\u00e1ctica Docente IV y Residencia<\/td><\/tr><tr><td class=\"has-text-align-center\" data-align=\"center\">Problem\u00e1ticas del \u00c1lgebra III<\/td><\/tr><tr><td class=\"has-text-align-center\" data-align=\"center\">Problem\u00e1ticas de la Geometr\u00eda III<\/td><\/tr><tr><td class=\"has-text-align-center\" data-align=\"center\">Modelizaci\u00f3n Matem\u00e1tica en las Ciencias<\/td><\/tr><tr><td class=\"has-text-align-center\" data-align=\"center\">Did\u00e1ctica de la Matem\u00e1tica III<\/td><\/tr><tr><td class=\"has-text-align-center\" data-align=\"center\">Historia y Epistemolog\u00eda de la Matem\u00e1tica<\/td><\/tr><\/tbody><\/table><\/figure>\n","protected":false},"excerpt":{"rendered":"<p>\u00a0 Profesor\/a \u00a0de Educaci\u00f3n Secundaria en MATEM\u00c1TICA\u00a0 \u00a0 Perfil del Egresado\u00a0\u00a0\u00a0\u00a0\u00a0\u00a0\u00a0\u00a0\u00a0\u00a0\u00a0\u00a0\u00a0\u00a0\u00a0\u00a0\u00a0\u00a0\u00a0\u00a0\u00a0\u00a0\u00a0\u00a0\u00a0\u00a0\u00a0\u00a0\u00a0\u00a0\u00a0\u00a0\u00a0\u00a0\u00a0\u00a0\u00a0\u00a0\u00a0\u00a0\u00a0\u00a0\u00a0\u00a0\u00a0\u00a0\u00a0\u00a0\u00a0\u00a0\u00a0\u00a0\u00a0\u00a0\u00a0\u00a0\u00a0\u00a0\u00a0\u00a0\u00a0\u00a0\u00a0\u00a0\u00a0\u00a0 El egresado de la carrera de Matem\u00e1tica habr\u00e1 adquirido las siguientes competencias profesionales: Interpretar problemas matem\u00e1ticos a partir de planteos te\u00f3ricos metodol\u00f3gicos apropiados y bibliograf\u00eda actualizada. Desarrollar la comunicaci\u00f3n matem\u00e1tica \u00a0oral y escrita utilizando distintos soportes Promover la constante construcci\u00f3n del objeto matem\u00e1tico para &#8230; <a title=\"Profesorado de Educaci\u00f3n Secundaria en Matem\u00e1tica\" class=\"read-more\" href=\"https:\/\/iescapdevila-cba.infd.edu.ar\/sitio\/profesorado-en-matematica\/\" aria-label=\"More on Profesorado de Educaci\u00f3n Secundaria en Matem\u00e1tica\">[+]<\/a><\/p>\n","protected":false},"author":1714,"featured_media":0,"parent":0,"menu_order":0,"comment_status":"closed","ping_status":"closed","template":"","meta":[],"acf":[],"_links":{"self":[{"href":"https:\/\/iescapdevila-cba.infd.edu.ar\/sitio\/wp-json\/wp\/v2\/pages\/757"}],"collection":[{"href":"https:\/\/iescapdevila-cba.infd.edu.ar\/sitio\/wp-json\/wp\/v2\/pages"}],"about":[{"href":"https:\/\/iescapdevila-cba.infd.edu.ar\/sitio\/wp-json\/wp\/v2\/types\/page"}],"author":[{"embeddable":true,"href":"https:\/\/iescapdevila-cba.infd.edu.ar\/sitio\/wp-json\/wp\/v2\/users\/1714"}],"replies":[{"embeddable":true,"href":"https:\/\/iescapdevila-cba.infd.edu.ar\/sitio\/wp-json\/wp\/v2\/comments?post=757"}],"version-history":[{"count":2,"href":"https:\/\/iescapdevila-cba.infd.edu.ar\/sitio\/wp-json\/wp\/v2\/pages\/757\/revisions"}],"predecessor-version":[{"id":1398,"href":"https:\/\/iescapdevila-cba.infd.edu.ar\/sitio\/wp-json\/wp\/v2\/pages\/757\/revisions\/1398"}],"wp:attachment":[{"href":"https:\/\/iescapdevila-cba.infd.edu.ar\/sitio\/wp-json\/wp\/v2\/media?parent=757"}],"curies":[{"name":"wp","href":"https:\/\/api.w.org\/{rel}","templated":true}]}}