{"id":755,"date":"2018-08-30T11:51:59","date_gmt":"2018-08-30T14:51:59","guid":{"rendered":"https:\/\/iescapdevila-cba.infd.edu.ar\/sitio\/profesorado-en-letras\/"},"modified":"2023-11-14T19:11:53","modified_gmt":"2023-11-14T22:11:53","slug":"profesorado-en-letras","status":"publish","type":"page","link":"https:\/\/iescapdevila-cba.infd.edu.ar\/sitio\/profesorado-en-letras\/","title":{"rendered":"Profesorado de Educaci\u00f3n Secundaria en Lengua y Literatura"},"content":{"rendered":"<p><span style=\"font-family: verdana, geneva; font-size: medium;\"><span style=\"font-family: verdana, geneva; font-size: medium;\"><strong><img decoding=\"async\" loading=\"lazy\" border=\"0\" width=\"151\" height=\"141\" style=\"display: block; margin-left: auto; margin-right: auto;\" alt=\"Resultado de imagen para imagenes de literatura\" src=\"https:\/\/iescapdevila-cba.infd.edu.ar\/sitio\/wp-content\/uploads\/2018\/08\/2wsGFe2IHnAFBimagen_incrustada1.jpg\"><\/strong><\/span><\/span><\/p>\n<p style=\"text-align: center;\"><span style=\"color: #ff0000;\"><span style=\"font-family: 'comic sans ms', sans-serif; font-size: 18pt;\"><strong>Profesor&nbsp; de Educaci\u00f3n Secundaria en Lengua y Literatura&nbsp;<\/strong><\/span><strong><br \/>\n<\/strong>&nbsp;<\/span><\/p>\n<p><span style=\"font-size: 14pt; color: #ff0000;\"><strong><span style=\"font-family: verdana, geneva;\">Perfil del Egresado<\/span><\/strong><\/span><\/p>\n<p style=\"text-align: justify;\"><span style=\"font-family: verdana, geneva; font-size: medium;\">El egresado de la carrera de <strong>Lengua y Literatura<\/strong> habr\u00e1 adquirido las siguientes competencias profesionales:<br \/>\n<\/span><\/p>\n<ul style=\"text-align: justify;\">\n<li>\n<div><span style=\"font-family: verdana, geneva; font-size: medium;\">Dominio de conocimientos generales y especializados en Lengua y Literatura.<br \/>\n<\/span><\/div>\n<\/li>\n<li>\n<div><span style=\"font-family: verdana, geneva; font-size: medium;\">Apropiaci\u00f3n de convenciones y formulaciones ling\u00fc\u00edsticas orales y escritas adecuadas para situaciones comunicativas cotidianas y profesionales.<br \/>\n<\/span><\/div>\n<\/li>\n<li>\n<div><span style=\"font-family: verdana, geneva; font-size: medium;\">Recepci\u00f3n reflexiva y creativa del texto literario.<br \/>\n<\/span><\/div>\n<\/li>\n<li>\n<div><span style=\"font-family: verdana, geneva; font-size: medium;\">Transferencia eficaz de saberes comunicacionales.<br \/>\n<\/span><\/div>\n<\/li>\n<li><span style=\"font-family: verdana, geneva; font-size: 12pt;\">Capacidad para ense\u00f1ar, generar y transmitir los conocimientos y valores necesarios para la formac\u00f3n integral de las personas, el desarrollo nacional y la construcci\u00f3n de una sociedad m\u00e1s justa.<\/span><\/li>\n<li><span style=\"font-family: verdana, geneva; font-size: 12pt;\">Propiciar &nbsp;saberes vinculados con las Tecnolog\u00edas de la Informaci\u00f3n y de la Comunicaci\u00f3n que favorezcan una lectura cr\u00edtica en tanto pr\u00e1cticas sociales, su problematizaci\u00f3n did\u00e1ctica y sus implicancias en la l\u00f3gica de producci\u00f3n del conocimiento cient\u00edfico.<\/span><\/li>\n<\/ul>\n<p style=\"text-align: justify;\"><span style=\"font-size: 12pt;\">&nbsp;<\/span><\/p>\n","protected":false},"excerpt":{"rendered":"<p>Profesor&nbsp; de Educaci\u00f3n Secundaria en Lengua y Literatura&nbsp; &nbsp; Perfil del Egresado El egresado de la carrera de Lengua y Literatura habr\u00e1 adquirido las siguientes competencias profesionales: Dominio de conocimientos generales y especializados en Lengua y Literatura. Apropiaci\u00f3n de convenciones y formulaciones ling\u00fc\u00edsticas orales y escritas adecuadas para situaciones comunicativas cotidianas y profesionales. Recepci\u00f3n reflexiva &#8230; <a title=\"Profesorado de Educaci\u00f3n Secundaria en Lengua y Literatura\" class=\"read-more\" href=\"https:\/\/iescapdevila-cba.infd.edu.ar\/sitio\/profesorado-en-letras\/\" aria-label=\"More on Profesorado de Educaci\u00f3n Secundaria en Lengua y Literatura\">[+]<\/a><\/p>\n","protected":false},"author":1714,"featured_media":0,"parent":0,"menu_order":0,"comment_status":"closed","ping_status":"closed","template":"","meta":[],"acf":[],"_links":{"self":[{"href":"https:\/\/iescapdevila-cba.infd.edu.ar\/sitio\/wp-json\/wp\/v2\/pages\/755"}],"collection":[{"href":"https:\/\/iescapdevila-cba.infd.edu.ar\/sitio\/wp-json\/wp\/v2\/pages"}],"about":[{"href":"https:\/\/iescapdevila-cba.infd.edu.ar\/sitio\/wp-json\/wp\/v2\/types\/page"}],"author":[{"embeddable":true,"href":"https:\/\/iescapdevila-cba.infd.edu.ar\/sitio\/wp-json\/wp\/v2\/users\/1714"}],"replies":[{"embeddable":true,"href":"https:\/\/iescapdevila-cba.infd.edu.ar\/sitio\/wp-json\/wp\/v2\/comments?post=755"}],"version-history":[{"count":1,"href":"https:\/\/iescapdevila-cba.infd.edu.ar\/sitio\/wp-json\/wp\/v2\/pages\/755\/revisions"}],"predecessor-version":[{"id":1399,"href":"https:\/\/iescapdevila-cba.infd.edu.ar\/sitio\/wp-json\/wp\/v2\/pages\/755\/revisions\/1399"}],"wp:attachment":[{"href":"https:\/\/iescapdevila-cba.infd.edu.ar\/sitio\/wp-json\/wp\/v2\/media?parent=755"}],"curies":[{"name":"wp","href":"https:\/\/api.w.org\/{rel}","templated":true}]}}