{"id":286,"date":"2016-10-31T13:17:59","date_gmt":"2016-10-31T16:17:59","guid":{"rendered":"https:\/\/iescapdevila-cba.infd.edu.ar\/sitio\/?page_id=286"},"modified":"2025-03-09T16:47:16","modified_gmt":"2025-03-09T19:47:16","slug":"inicio","status":"publish","type":"page","link":"https:\/\/iescapdevila-cba.infd.edu.ar\/sitio\/","title":{"rendered":"Inicio"},"content":{"rendered":"<div id=\"metaslider-id-403\" style=\"width: 100%;\" class=\"ml-slider-3-33-0 metaslider metaslider-flex metaslider-403 ml-slider ms-theme-default\" role=\"region\" aria-roledescription=\"Slideshow\" aria-label=\"Slideshow\">\n    <div id=\"metaslider_container_403\">\n        <div id=\"metaslider_403\" class=\"flexslider\">\n            <ul aria-live=\"polite\" class=\"slides\">\n                <li style=\"display: block; width: 100%;\" class=\"slide-607 ms-image\" aria-roledescription=\"slide\" aria-label=\"slide-607\"><a href=\"https:\/\/mapa.infd.edu.ar\/\" target=\"_blank\"><img src=\"https:\/\/iescapdevila-cba.infd.edu.ar\/sitio\/wp-content\/uploads\/2018\/06\/mapa_infd6-1100x200.png\" height=\"200\" width=\"1100\" alt=\"\" class=\"slider-403 slide-607\" title=\"mapa_infd6\" \/><\/a><\/li>\n                <li style=\"display: none; width: 100%;\" class=\"slide-609 ms-image\" aria-roledescription=\"slide\" aria-label=\"slide-609\"><a href=\"https:\/\/www.argentina.gob.ar\/educacion\/becas\" target=\"_blank\"><img src=\"https:\/\/iescapdevila-cba.infd.edu.ar\/sitio\/wp-content\/uploads\/2018\/06\/becas7-1100x200.png\" height=\"200\" width=\"1100\" alt=\"\" class=\"slider-403 slide-609\" title=\"becas7\" \/><\/a><\/li>\n                <li style=\"display: none; width: 100%;\" class=\"slide-635 ms-image\" aria-roledescription=\"slide\" aria-label=\"slide-635\"><a href=\"https:\/\/www.argentina.gob.ar\/tema\/estudiar\/formacion-docencia\" target=\"_blank\"><img src=\"https:\/\/iescapdevila-cba.infd.edu.ar\/sitio\/wp-content\/uploads\/2018\/06\/convocatorias_slide6-1-1100x200.png\" height=\"200\" width=\"1100\" alt=\"\" class=\"slider-403 slide-635\" title=\"convocatorias_slide6-1\" \/><\/a><\/li>\n            <\/ul>\n        <\/div>\n        \n    <\/div>\n<\/div>\n<p>&nbsp;<\/p>\n<p>&nbsp;<\/p>\n<h4 style=\"text-align: center;\">\u00a0 \u00a0 \u00a0 \u00a0 \u00a0 Universidad Provincial de C\u00f3rdoba\u00a0<\/h4>\n<h4 style=\"text-align: center;\">Sede Regional Cruz del Eje Instituto de Ense\u00f1anza Superior\u00a0<\/h4>\n<h4 style=\"text-align: center;\">\u00a0 \u00a0 \u00a0 \u00a0 <strong>\u00a0 \u00a0 \u00a0 \u00a0IES.\u00a0 \u00abARTURO CAPDEVILA \u00ab<\/strong><\/h4>\n<p><img decoding=\"async\" loading=\"lazy\" class=\"aligncenter\" style=\"display: block; margin-left: auto; margin-right: auto;\" title=\"G\u00bffrente ies\" src=\"https:\/\/iescapdevila-cba.infd.edu.ar\/sitio\/wp-content\/uploads\/2018\/08\/IES_ciclo_2013_23escalada.jpg\" alt=\"G\u00bffrente ies\" width=\"482\" height=\"271\" border=\"0\" \/>\u00a0<\/p>\n<table id=\"table1\" style=\"width: 454px; height: 931px;\" border=\"1\" cellspacing=\"0\" cellpadding=\"10\" align=\"center\">\n<tbody>\n<tr>\n<td>\n<p style=\"text-align: center;\"><strong><span style=\"color: #000080; font-family: verdana, geneva; font-size: large;\">Instituto de Ense\u00f1anza Superior <\/span><\/strong><\/p>\n<p style=\"text-align: center;\"><strong><span style=\"color: #000080; font-family: verdana, geneva; font-size: large;\">\u00abArturo Capdevila\u00bb<\/span><\/strong><\/p>\n<p style=\"text-align: center;\"><strong><span style=\"color: #000080; font-family: verdana, geneva; font-size: large;\">Cruz del Eje &#8211; C\u00f3rdoba<\/span><\/strong><\/p>\n<p style=\"text-align: center;\"><span style=\"color: #000080; font-family: verdana, geneva; font-size: large;\">Bodas de Plata (1988-2013)<\/span><\/p>\n<p style=\"text-align: center;\"><em><span style=\"font-size: 10pt;\"><span style=\"font-family: verdana, geneva;\"><span style=\"color: #000099;\">\u201cLibre<\/span><span style=\"color: #000099;\">\u00a0 y sagrado\u00a0<\/span><span style=\"color: #000099;\">es el derecho de pensar&#8230; La educaci\u00f3n es\u00a0<\/span><span style=\"color: #000099;\">fundamental para la <span style=\"font-family: Perpetua;\"><span style=\"font-family: verdana, geneva;\">felicidad social;<\/span> <\/span><\/span><span style=\"color: #000099;\">es el principio en el que descansan la libertad y el engrandecimiento de los pueblos.\u00bb<\/span><\/span><\/span><\/em><em style=\"text-align: right;\"><span style=\"font-size: 10pt;\"><span style=\"font-family: verdana, geneva;\"><span style=\"color: #000099;\">\u00a0 \u00a0 \u00a0 \u00a0 \u00a0 \u00a0 \u00a0 \u00a0 \u00a0 \u00a0 \u00a0 \u00a0 \u00a0 \u00a0 \u00a0 \u00a0 \u00a0 \u00a0 \u00a0 \u00a0 \u00a0 \u00a0 \u00a0 \u00a0 \u00a0 \u00a0 \u00a0\u00a0<\/span><\/span><\/span><\/em><\/p>\n<p style=\"text-align: center;\"><span style=\"font-family: verdana, geneva; font-size: small; text-align: justify;\">El Instituto de Educaci\u00f3n Superior Arturo Capdevila, forma parte del conjunto de Instituciones de nivel terciario no universitario de gesti\u00f3n estatal de la provincia de C\u00f3rdoba, en el centro mediterr\u00e1neo de Argentina. Su historia comienza a fines de la d\u00e9cada del \u201960, dando respuesta a la demanda de formaci\u00f3n de formadores, dependiendo entonces de la Escuela Normal Superior \u00abRep\u00fablica del Per\u00fa\u00bb. En 1988 se independiza de misma surgiendo como Instituci\u00f3n independiente. Posteriormente amplia sus fronteras aportando tambi\u00e9n a la formaci\u00f3n de T\u00e9cnicos.<\/span><\/p>\n<p style=\"text-align: center;\"><span style=\"font-family: verdana, geneva; font-size: small;\">La expansi\u00f3n cuantitativa del sistema educativo implic\u00f3 capacitar profesionales docentes que ocuparan los espacios laborales de escuelas de nivel medio del noroeste de la provincia (Cruz del Eje, Punilla, Ischil\u00edn y Traslasierra). Actualmente nuestros egresados trascienden esos l\u00edmites puesto que tambi\u00e9n desarrollan sus actividades en otras provincias argentinas, especialmente en las patag\u00f3nicas.<\/span>\u00a0<\/p>\n<\/td>\n<\/tr>\n<\/tbody>\n<\/table>\n","protected":false},"excerpt":{"rendered":"<p>&nbsp; &nbsp; \u00a0 \u00a0 \u00a0 \u00a0 \u00a0 Universidad Provincial de C\u00f3rdoba\u00a0 Sede Regional Cruz del Eje Instituto de Ense\u00f1anza Superior\u00a0 \u00a0 \u00a0 \u00a0 \u00a0 \u00a0 \u00a0 \u00a0 \u00a0IES.\u00a0 \u00abARTURO CAPDEVILA \u00ab \u00a0 Instituto de Ense\u00f1anza Superior \u00abArturo Capdevila\u00bb Cruz del Eje &#8211; C\u00f3rdoba Bodas de Plata (1988-2013) \u201cLibre\u00a0 y sagrado\u00a0es el derecho de pensar&#8230; La &#8230; <a title=\"Inicio\" class=\"read-more\" href=\"https:\/\/iescapdevila-cba.infd.edu.ar\/sitio\/\" aria-label=\"More on Inicio\">[+]<\/a><\/p>\n","protected":false},"author":1,"featured_media":0,"parent":0,"menu_order":0,"comment_status":"closed","ping_status":"closed","template":"","meta":[],"acf":[],"_links":{"self":[{"href":"https:\/\/iescapdevila-cba.infd.edu.ar\/sitio\/wp-json\/wp\/v2\/pages\/286"}],"collection":[{"href":"https:\/\/iescapdevila-cba.infd.edu.ar\/sitio\/wp-json\/wp\/v2\/pages"}],"about":[{"href":"https:\/\/iescapdevila-cba.infd.edu.ar\/sitio\/wp-json\/wp\/v2\/types\/page"}],"author":[{"embeddable":true,"href":"https:\/\/iescapdevila-cba.infd.edu.ar\/sitio\/wp-json\/wp\/v2\/users\/1"}],"replies":[{"embeddable":true,"href":"https:\/\/iescapdevila-cba.infd.edu.ar\/sitio\/wp-json\/wp\/v2\/comments?post=286"}],"version-history":[{"count":99,"href":"https:\/\/iescapdevila-cba.infd.edu.ar\/sitio\/wp-json\/wp\/v2\/pages\/286\/revisions"}],"predecessor-version":[{"id":1593,"href":"https:\/\/iescapdevila-cba.infd.edu.ar\/sitio\/wp-json\/wp\/v2\/pages\/286\/revisions\/1593"}],"wp:attachment":[{"href":"https:\/\/iescapdevila-cba.infd.edu.ar\/sitio\/wp-json\/wp\/v2\/media?parent=286"}],"curies":[{"name":"wp","href":"https:\/\/api.w.org\/{rel}","templated":true}]}}