{"id":1140,"date":"2022-04-21T20:37:49","date_gmt":"2022-04-21T23:37:49","guid":{"rendered":"https:\/\/iescapdevila-cba.infd.edu.ar\/sitio\/?page_id=1140"},"modified":"2022-10-19T21:09:55","modified_gmt":"2022-10-20T00:09:55","slug":"acciones-institucionales-por-carrera","status":"publish","type":"page","link":"https:\/\/iescapdevila-cba.infd.edu.ar\/sitio\/acciones-institucionales-por-carrera\/","title":{"rendered":"Algunas acciones Institucionales."},"content":{"rendered":"\n<blockquote class=\"wp-block-quote\"><p>Queremos compartir algunas acciones pedag\u00f3gicas que realizan los docentes de las diversas carreras que se dictan en nuestro Instituto de Ense\u00f1anza Superior . El campus  como espacio de intercambio e interacci\u00f3n entre todos los agentes implicados en la educaci\u00f3n, ha de plantear estrategias y acciones donde todos se sientan miembros y part\u00edcipes de ese escenario, de ah\u00ed, que el aula es algo m\u00e1s que el espacio f\u00edsico. Por tanto, al definirla en base a criterios de interacci\u00f3n de relaciones sociales, nos est\u00e1 abriendo el camino hacia la construcci\u00f3n, al dialogo democr\u00e1tico , social abierto al mundo,  a nuestra realidad social y cultural como punto de mira de nuestra Instituci\u00f3n Educativa.<\/p><\/blockquote>\n\n\n\n<p class=\"has-medium-font-size\"><strong><span class=\"has-inline-color has-vivid-purple-color\">GRAFITYS ELABORADOS EN EL TALLER WASAPERO DE \u201cPR\u00c1CTICAS DE<br>ORALIDAD, LECTURA Y ESCRITURA\u201d IES. ARTURO CAPDEVILA. 27 DE ABRIL<code> <\/code>2022<\/span><\/strong><\/p>\n\n\n\n<p class=\"has-medium-font-size\"><a href=\"https:\/\/drive.google.com\/file\/d\/123eIsBs0fyXssjPmJbvu697J6RgVe3Ds\/view\">https:\/\/drive.google.com\/file\/d\/123eIsBs0fyXssjPmJbvu697J6RgVe3Ds\/view<\/a><\/p>\n\n\n\n<ul><li><span class=\"has-inline-color has-vivid-cyan-blue-color\"><strong>Espacio Curricular: TOLE-Taller de Oralidad Lectura y Escritura (1 a\u00f1o)<\/strong><\/span><\/li><li><span class=\"has-inline-color has-vivid-cyan-blue-color\"><strong>Profesorado de Educaci\u00f3n Secundaria en   Lengua y literatura.<\/strong><\/span><\/li><li><span class=\"has-inline-color has-vivid-cyan-blue-color\"><strong>Prof: Mariana Mitellman<\/strong><\/span><\/li><\/ul>\n\n\n\n<p><\/p>\n\n\n\n<p><\/p>\n\n\n\n<figure class=\"wp-block-gallery columns-2 is-cropped wp-block-gallery-1 is-layout-flex\"><ul class=\"blocks-gallery-grid\"><li class=\"blocks-gallery-item\"><figure><img decoding=\"async\" loading=\"lazy\" width=\"1280\" height=\"960\" src=\"https:\/\/iescapdevila-cba.infd.edu.ar\/sitio\/wp-content\/uploads\/2022\/04\/WhatsApp-Image-2022-04-20-at-10.10.57-PM.jpg\" alt=\"\" data-id=\"1145\" class=\"wp-image-1145\" srcset=\"https:\/\/iescapdevila-cba.infd.edu.ar\/sitio\/wp-content\/uploads\/2022\/04\/WhatsApp-Image-2022-04-20-at-10.10.57-PM.jpg 1280w, https:\/\/iescapdevila-cba.infd.edu.ar\/sitio\/wp-content\/uploads\/2022\/04\/WhatsApp-Image-2022-04-20-at-10.10.57-PM-1000x750.jpg 1000w, https:\/\/iescapdevila-cba.infd.edu.ar\/sitio\/wp-content\/uploads\/2022\/04\/WhatsApp-Image-2022-04-20-at-10.10.57-PM-768x576.jpg 768w\" sizes=\"(max-width: 1280px) 100vw, 1280px\" \/><\/figure><\/li><li class=\"blocks-gallery-item\"><figure><img decoding=\"async\" loading=\"lazy\" width=\"1280\" height=\"960\" src=\"https:\/\/iescapdevila-cba.infd.edu.ar\/sitio\/wp-content\/uploads\/2022\/04\/WhatsApp-Image-2022-04-20-at-10.10.56-PM.jpeg\" alt=\"\" data-id=\"1146\" data-full-url=\"https:\/\/iescapdevila-cba.infd.edu.ar\/sitio\/wp-content\/uploads\/2022\/04\/WhatsApp-Image-2022-04-20-at-10.10.56-PM.jpeg\" data-link=\"https:\/\/iescapdevila-cba.infd.edu.ar\/sitio\/acciones-institucionales-por-carrera\/whatsapp-image-2022-04-20-at-10-10-56-pm\/#main\" class=\"wp-image-1146\" srcset=\"https:\/\/iescapdevila-cba.infd.edu.ar\/sitio\/wp-content\/uploads\/2022\/04\/WhatsApp-Image-2022-04-20-at-10.10.56-PM.jpeg 1280w, https:\/\/iescapdevila-cba.infd.edu.ar\/sitio\/wp-content\/uploads\/2022\/04\/WhatsApp-Image-2022-04-20-at-10.10.56-PM-1000x750.jpeg 1000w, https:\/\/iescapdevila-cba.infd.edu.ar\/sitio\/wp-content\/uploads\/2022\/04\/WhatsApp-Image-2022-04-20-at-10.10.56-PM-768x576.jpeg 768w\" sizes=\"(max-width: 1280px) 100vw, 1280px\" \/><\/figure><\/li><\/ul><\/figure>\n\n\n\n<p><\/p>\n\n\n\n<p class=\"has-text-align-center\"><strong>Algunos Padlet Institucionales <\/strong><\/p>\n\n\n\n<p class=\"has-large-font-size\"><span class=\"has-inline-color has-vivid-purple-color\"><strong>Educaci\u00f3n Libre de VIOLENCIAS DE GENERO<\/strong><\/span>.<\/p>\n\n\n\n<p class=\"has-large-font-size\"><a rel=\"noreferrer noopener\" href=\"https:\/\/padlet.com\/Institucional1\/p8ad95e9s4e0221y\" target=\"_blank\">https:\/\/padlet.com\/Institucional1\/p8ad95e9s4e0221y<\/a><\/p>\n\n\n\n<p class=\"has-large-font-size\"><strong><span class=\"has-inline-color has-vivid-red-color\">CARTOGRAFIAS ESCOLARES <\/span><\/strong><\/p>\n\n\n\n<p class=\"has-large-font-size\"><a href=\"https:\/\/padlet.com\/Institucional1\/kunmegh6wrzjrkee\">https:\/\/padlet.com\/Institucional1\/kunmegh6wrzjrkee<\/a><\/p>\n\n\n\n<p class=\"has-large-font-size\"><strong><span class=\"has-inline-color has-vivid-green-cyan-color\">SENTIRES DE MI PRACTICA DOCENTE <\/span><\/strong><\/p>\n\n\n\n<p class=\"has-large-font-size\"><a href=\"https:\/\/padlet.com\/Institucional1\/Bookmarks\">https:\/\/padlet.com\/Institucional1\/Bookmarks<\/a><\/p>\n\n\n\n<p class=\"has-large-font-size\"><span class=\"has-inline-color has-luminous-vivid-orange-color\"><strong>DESPEDIDA A DOS GRANDES DOCENTES<\/strong><\/span><\/p>\n\n\n\n<p class=\"has-large-font-size\"><a href=\"https:\/\/padlet.com\/Institucional1\/g6z8312f4i18a7dy\">https:\/\/padlet.com\/Institucional1\/g6z8312f4i18a7dy<\/a><span class=\"has-inline-color has-luminous-vivid-orange-color\"><strong> <\/strong><\/span><\/p>\n\n\n\n<p><\/p>\n\n\n\n<p class=\"has-drop-cap has-large-font-size\"><strong><span class=\"has-inline-color has-luminous-vivid-amber-color\">CONVIVENCIA ESCOLAR<\/span><\/strong><\/p>\n\n\n\n<p class=\"has-drop-cap\">La Convivencia Escolar nos involucra y nos atraviesa, es una construcci\u00f3n permanente  Y en este sentido , te invitamos a reflexionar participando en la construcci\u00f3n de esta. Es muy importante cada mirada , cada reflexi\u00f3n&#8230; &nbsp;Comenta de acuerdo a tu &nbsp;experiencia , una reflexi\u00f3n en primera  persona  que consideres  irrenunciable en el <strong>Padlet <\/strong>que a continuaci\u00f3n compartimos teniendo presente:<\/p>\n\n\n\n<p>Cu\u00e1les son los valores que consideras &nbsp;facilitan la convivencia en nuestro instituto superior =?<\/p>\n\n\n\n<p>A trav\u00e9s de qu\u00e9 acciones &nbsp;fomentamos&nbsp; la convivencia pac\u00edfica en nuestra comunidad?<\/p>\n\n\n\n<p>Puedes  expresarte libremente haciendo  un escrito, subiendo una imagen de la que te sientas identificado\/a-<\/p>\n\n\n\n<p>Conocer la diversificaci\u00f3n de miradas  , nos invita a identificar, analizar  y repensar  cu\u00e1les son los problemas y las estrategias de resoluci\u00f3n que se ponen en pr\u00e1ctica para solucionarlos.<\/p>\n\n\n\n<p class=\"has-large-font-size\"><a href=\"https:\/\/padlet.com\/Institucional1\/845ik66a06a22nv8\">https:\/\/padlet.com\/Institucional1\/845ik66a06a22nv8<\/a><\/p>\n\n\n\n<h2 class=\"wp-block-heading\">Proyectos que estamos llevando Adelante <\/h2>\n\n\n\n<p><strong><span class=\"has-inline-color has-vivid-red-color\">Fortalecimiento Institucional <\/span><\/strong><\/p>\n\n\n\n<h1 class=\"wp-block-heading\">1.&nbsp;&nbsp;&nbsp;&nbsp;&nbsp;&nbsp; Objetivos<\/h1>\n\n\n\n<p><strong>&#8211; <\/strong>Avanzar en las concepciones, saberes y pr\u00e1cticas respecto a la inclusi\u00f3n, la diversidad, la comunidad y la formaci\u00f3n de contextos de excepcionalidad.<\/p>\n\n\n\n<ul><li>Enriquecer las propuestas formativas de los diferentes espacios curriculares de manera transversal poniendo como eje vertebrador la pr\u00e1ctica docente.<\/li><\/ul>\n\n\n\n<ul><li>Fortalecer los espacios de di\u00e1logo, de intercambio y de participaci\u00f3n aportando a la configuraci\u00f3n del perfil \u00e9tico pol\u00edtico de los futuros docentes construyendo redes y comunidades de aprendizaje que trasciendan los l\u00edmites del aula.<\/li><\/ul>\n\n\n\n<ul><li>Construir estrategias de ense\u00f1anza significativas e inclusivas a partir de tutor\u00edas que favorezcan el fortalecimiento, el acompa\u00f1amiento y la re-vinculaci\u00f3n a las trayectorias de los estudiantes.<\/li><\/ul>\n\n\n\n<figure class=\"wp-block-image size-large\"><img decoding=\"async\" loading=\"lazy\" width=\"1280\" height=\"720\" src=\"https:\/\/iescapdevila-cba.infd.edu.ar\/sitio\/wp-content\/uploads\/2022\/10\/FOTO.jpg\" alt=\"\" class=\"wp-image-1238\" srcset=\"https:\/\/iescapdevila-cba.infd.edu.ar\/sitio\/wp-content\/uploads\/2022\/10\/FOTO.jpg 1280w, https:\/\/iescapdevila-cba.infd.edu.ar\/sitio\/wp-content\/uploads\/2022\/10\/FOTO-1000x563.jpg 1000w, https:\/\/iescapdevila-cba.infd.edu.ar\/sitio\/wp-content\/uploads\/2022\/10\/FOTO-768x432.jpg 768w\" sizes=\"(max-width: 1280px) 100vw, 1280px\" \/><\/figure>\n\n\n\n<figure class=\"wp-block-image size-large\"><img decoding=\"async\" loading=\"lazy\" width=\"1280\" height=\"960\" src=\"https:\/\/iescapdevila-cba.infd.edu.ar\/sitio\/wp-content\/uploads\/2022\/10\/taller-tecnica-de-estudio.jpg\" alt=\"\" class=\"wp-image-1240\" srcset=\"https:\/\/iescapdevila-cba.infd.edu.ar\/sitio\/wp-content\/uploads\/2022\/10\/taller-tecnica-de-estudio.jpg 1280w, https:\/\/iescapdevila-cba.infd.edu.ar\/sitio\/wp-content\/uploads\/2022\/10\/taller-tecnica-de-estudio-1000x750.jpg 1000w, https:\/\/iescapdevila-cba.infd.edu.ar\/sitio\/wp-content\/uploads\/2022\/10\/taller-tecnica-de-estudio-768x576.jpg 768w\" sizes=\"(max-width: 1280px) 100vw, 1280px\" \/><figcaption>Taller de T\u00e9cnicas de Estudio<\/figcaption><\/figure>\n\n\n\n<p class=\"has-vivid-cyan-blue-color has-text-color\"><strong>Tambi\u00e9n se est\u00e1n llevando acciones en el marco del Proyecto de Fortalecimiento a las Trayectorias Estudiantiles<\/strong>.<\/p>\n","protected":false},"excerpt":{"rendered":"<p>Queremos compartir algunas acciones pedag\u00f3gicas que realizan los docentes de las diversas carreras que se dictan en nuestro Instituto de Ense\u00f1anza Superior . El campus como espacio de intercambio e interacci\u00f3n entre todos los agentes implicados en la educaci\u00f3n, ha de plantear estrategias y acciones donde todos se sientan miembros y part\u00edcipes de ese escenario, &#8230; <a title=\"Algunas acciones Institucionales.\" class=\"read-more\" href=\"https:\/\/iescapdevila-cba.infd.edu.ar\/sitio\/acciones-institucionales-por-carrera\/\" aria-label=\"More on Algunas acciones Institucionales.\">[+]<\/a><\/p>\n","protected":false},"author":380,"featured_media":0,"parent":0,"menu_order":0,"comment_status":"open","ping_status":"closed","template":"","meta":[],"acf":[],"_links":{"self":[{"href":"https:\/\/iescapdevila-cba.infd.edu.ar\/sitio\/wp-json\/wp\/v2\/pages\/1140"}],"collection":[{"href":"https:\/\/iescapdevila-cba.infd.edu.ar\/sitio\/wp-json\/wp\/v2\/pages"}],"about":[{"href":"https:\/\/iescapdevila-cba.infd.edu.ar\/sitio\/wp-json\/wp\/v2\/types\/page"}],"author":[{"embeddable":true,"href":"https:\/\/iescapdevila-cba.infd.edu.ar\/sitio\/wp-json\/wp\/v2\/users\/380"}],"replies":[{"embeddable":true,"href":"https:\/\/iescapdevila-cba.infd.edu.ar\/sitio\/wp-json\/wp\/v2\/comments?post=1140"}],"version-history":[{"count":17,"href":"https:\/\/iescapdevila-cba.infd.edu.ar\/sitio\/wp-json\/wp\/v2\/pages\/1140\/revisions"}],"predecessor-version":[{"id":1383,"href":"https:\/\/iescapdevila-cba.infd.edu.ar\/sitio\/wp-json\/wp\/v2\/pages\/1140\/revisions\/1383"}],"wp:attachment":[{"href":"https:\/\/iescapdevila-cba.infd.edu.ar\/sitio\/wp-json\/wp\/v2\/media?parent=1140"}],"curies":[{"name":"wp","href":"https:\/\/api.w.org\/{rel}","templated":true}]}}